{"id":2072,"date":"2025-10-15T21:01:02","date_gmt":"2025-10-15T21:01:02","guid":{"rendered":"https:\/\/saberconpoder.com\/dos\/?page_id=2072"},"modified":"2025-10-15T21:01:04","modified_gmt":"2025-10-15T21:01:04","slug":"2072-2","status":"publish","type":"page","link":"https:\/\/saberconpoder.com\/dos\/2072-2\/","title":{"rendered":""},"content":{"rendered":"\n<!-- Facebook Pixel Code --><script>!function(f,b,e,v,n,t,s){if(f.fbq)return;n=f.fbq=function(){n.callMethod?n.callMethod.apply(n,arguments):n.queue.push(arguments)};if(!f._fbq)f._fbq=n;n.push=n;n.loaded=!0;n.version='2.0';n.queue=[];t=b.createElement(e);t.async=!0;t.src=v;s=b.getElementsByTagName(e)[0];s.parentNode.insertBefore(t,s)}(window,document,'script','https:\/\/connect.facebook.net\/en_US\/fbevents.js'); fbq('init', '9809102672483684'); fbq('track', 'PageView');<\/script><noscript> <img loading=\"lazy\" decoding=\"async\" height=\"1\" width=\"1\" src=\"https:\/\/www.facebook.com\/tr?id=9809102672483684&#038;ev=PageView&#038;noscript=1\"\/><\/noscript><!-- End Facebook Pixel Code -->\n\n\n\n<h4 class=\"wp-block-heading has-text-align-center\"><strong><mark style=\"background-color:rgba(0, 0, 0, 0);color:#05f720\" class=\"has-inline-color\">No todos est\u00e1n preparados para ver esto.<br>Este libro guarda secretos que la humanidad olvid\u00f3.<br>Verdades que habitan entre grietas de la memoria y errores del sistema. Cada palabra que leas puede cambiar tu forma de mirar el mundo.<br>Atr\u00e9vete\u2026 si quieres recordar lo que nunca debi\u00f3 olvidarse.<\/mark><\/strong><\/h4>\n\n\n\n<div style=\"height:48px\" aria-hidden=\"true\" class=\"wp-block-spacer\"><\/div>\n\n\n\n<!DOCTYPE html>\r\n<html lang=\"es\">\r\n<head>\r\n<meta charset=\"UTF-8\">\r\n<meta name=\"viewport\" content=\"width=device-width, initial-scale=1.0\">\r\n<title>Bienvenido al Error \u2014 Libro Prohibido<\/title>\r\n<link href=\"https:\/\/fonts.googleapis.com\/css2?family=Share+Tech+Mono&#038;display=swap\" rel=\"stylesheet\">\r\n<style>\r\n  body {\r\n    margin: 0;\r\n    padding: 0;\r\n    background-color: #000;\r\n    color: #0f0;\r\n    font-family: 'Share Tech Mono', monospace;\r\n    display: flex;\r\n    flex-direction: column;\r\n    align-items: center;\r\n    justify-content: flex-start;\r\n    min-height: 100vh;\r\n    text-align: center;\r\n    overflow-x: hidden;\r\n  }\r\n\r\n  img {\r\n    width: 80%;\r\n    max-width: 500px;\r\n    margin-top: 50px;\r\n    filter: drop-shadow(0 0 20px #f00);\r\n    transition: transform 0.5s ease;\r\n  }\r\n\r\n  img:hover {\r\n    transform: scale(1.05);\r\n  }\r\n\r\n  h1 {\r\n    font-size: 2.5em;\r\n    color: #f00;\r\n    letter-spacing: 2px;\r\n    margin-top: 30px;\r\n    text-transform: uppercase;\r\n    opacity: 0;\r\n  }\r\n\r\n  .terminal {\r\n    width: 85%;\r\n    max-width: 800px;\r\n    margin: 30px auto;\r\n    text-align: left;\r\n    font-size: 1.1em;\r\n    line-height: 1.7em;\r\n    white-space: pre-wrap;\r\n    color: #0f0;\r\n    min-height: 400px;\r\n  }\r\n\r\n  .cta {\r\n    display: inline-block;\r\n    background: #f00;\r\n    color: #fff;\r\n    text-decoration: none;\r\n    padding: 15px 40px;\r\n    border-radius: 5px;\r\n    font-size: 1.1em;\r\n    margin-top: 30px;\r\n    transition: background 0.3s ease, transform 0.3s ease;\r\n    opacity: 0;\r\n  }\r\n\r\n  .cta:hover {\r\n    background: #c00;\r\n    transform: scale(1.05);\r\n  }\r\n\r\n  footer {\r\n    font-size: 0.8em;\r\n    color: #555;\r\n    margin-top: 50px;\r\n    padding-bottom: 30px;\r\n  }\r\n\r\n  @media (max-width: 768px) {\r\n    h1 { font-size: 2em; }\r\n    .terminal { font-size: 1em; }\r\n    img { width: 90%; }\r\n  }\r\n<\/style>\r\n<\/head>\r\n<body>\r\n\r\n<img decoding=\"async\" src=\"https:\/\/saberconpoder.com\/dos\/wp-content\/uploads\/2025\/10\/prohibido.png\" alt=\"Bienvenido al Error\" \/>\r\n<h1 id=\"titulo\">BIENVENIDO AL ERROR<\/h1>\r\n<div class=\"terminal\" id=\"texto\"><\/div>\r\n<a href=\"https:\/\/www.paypal.com\/ncp\/payment\/GTG8SV5FA28FU\" class=\"cta\" id=\"boton\">ADQUIERE EL LIBRO<\/a>\r\n\r\n<script>\r\nconst lines = [\r\n\"Este libro no es para todos.\",\r\n\"No es entretenimiento. No es consuelo. NO ES FICCION.\",\r\n\"Es un portal a lo que el sistema no quiere que veas.\",\r\n\"Aqu\u00ed encontrar\u00e1s la memoria que borraron, las preguntas que prohibieron, los errores que a\u00fan nos hacen libres.\",\r\n\"Los Locos, la Edad de Oro, los colores que nos dividieron, los reinicios que reescribieron la historia\u2026 todo forma parte de un patr\u00f3n que nadie te cont\u00f3.\",\r\n\"Cada palabra que leas es un virus de conciencia, un riesgo, una chispa que desaf\u00eda la perfecci\u00f3n.\",\r\n\"Si avanzas, te volver\u00e1s parte del error.\",\r\n\"El error que rompe algoritmos, que abre grietas en la realidad, que mantiene viva la libertad.\",\r\n\"Si crees que la humanidad es solo carne, dinero o obediencia\u2026 este libro te mostrar\u00e1 lo que significa realmente ser humano.\",\r\n\"Lee si te atreves.\",\r\n\"Recuerda que el observador es el creador.\",\r\n\"Y que cada duda, cada elecci\u00f3n, cada instante de rebeli\u00f3n\u2026 es un acto de poder.\",\r\n\"Bienvenido.\",\r\n\"Bienvenido al error.\",\r\n\"Bienvenido a la \u00fanica libertad que queda.\"\r\n];\r\n\r\nconst terminal = document.getElementById(\"texto\");\r\nconst titulo = document.getElementById(\"titulo\");\r\nconst boton = document.getElementById(\"boton\");\r\n\r\nfunction typeLine(line, i, callback) {\r\n  let charIndex = 0;\r\n  const interval = setInterval(() => {\r\n    terminal.innerHTML += line[charIndex];\r\n    charIndex++;\r\n    if (charIndex === line.length) {\r\n      clearInterval(interval);\r\n      terminal.innerHTML += \"\\n\\n\";\r\n      setTimeout(callback, 200);\r\n    }\r\n  }, 40);\r\n}\r\n\r\nfunction typeLines(i = 0) {\r\n  if (i < lines.length) {\r\n    typeLine(lines[i], i, () => typeLines(i + 1));\r\n  } else {\r\n    titulo.style.opacity = 1;\r\n    boton.style.opacity = 1;\r\n  }\r\n}\r\n\r\nwindow.onload = () => {\r\n  typeLines();\r\n};\r\n<\/script>\r\n\r\n<\/body>\r\n<\/html>\n\n\n\n<div style=\"height:267px\" aria-hidden=\"true\" class=\"wp-block-spacer\"><\/div>\n\n\n\n<div style=\"height:276px\" aria-hidden=\"true\" class=\"wp-block-spacer\"><\/div>\n\n\n\n<div style=\"height:273px\" aria-hidden=\"true\" class=\"wp-block-spacer\"><\/div>\n\n\n\n<p class=\"has-text-align-center\"><strong>Tu Libro en PDF se enviaran a tu correo electronico<\/strong><\/p>\n\n\n\n<p class=\"has-text-align-center\"><strong><mark>DESCARGA&nbsp;<\/mark>&nbsp;realizando el pago por Tranferencia Bancaria o<br>Depositando en OXXO a este numero<\/strong><br><strong>4815 1631 2179 2355<br>Depositando solo 149 pesos MX y Enviando Copia del<br>Deposito a corazonytinta7@gmail.com<br>Se Regresara el Correo con tus Descarga Mas Bono.<\/strong><br>Tambien Puedes enviar el comprobante de pago por WhatsApp al 6311155587 y Te enviamos el Enlace de Descarga<\/p>\n\n\n\n<div style=\"height:276px\" aria-hidden=\"true\" class=\"wp-block-spacer\"><\/div>\n\n\n\n<span class='visitors'>23362<\/span>\n","protected":false},"excerpt":{"rendered":"<p>No todos est\u00e1n preparados para ver esto.Este libro guarda secretos que la humanidad olvid\u00f3.Verdades que habitan entre grietas de la memoria y errores del sistema. Cada palabra que leas puede cambiar tu forma de mirar el mundo.Atr\u00e9vete\u2026 si quieres recordar lo que nunca debi\u00f3 olvidarse. Bienvenido al Error \u2014 Libro Prohibido BIENVENIDO AL ERROR ADQUIERE [&hellip;]<\/p>\n","protected":false},"author":1,"featured_media":0,"parent":0,"menu_order":0,"comment_status":"closed","ping_status":"closed","template":"","meta":{"footnotes":""},"class_list":["post-2072","page","type-page","status-publish","hentry"],"_links":{"self":[{"href":"https:\/\/saberconpoder.com\/dos\/wp-json\/wp\/v2\/pages\/2072","targetHints":{"allow":["GET"]}}],"collection":[{"href":"https:\/\/saberconpoder.com\/dos\/wp-json\/wp\/v2\/pages"}],"about":[{"href":"https:\/\/saberconpoder.com\/dos\/wp-json\/wp\/v2\/types\/page"}],"author":[{"embeddable":true,"href":"https:\/\/saberconpoder.com\/dos\/wp-json\/wp\/v2\/users\/1"}],"replies":[{"embeddable":true,"href":"https:\/\/saberconpoder.com\/dos\/wp-json\/wp\/v2\/comments?post=2072"}],"version-history":[{"count":1,"href":"https:\/\/saberconpoder.com\/dos\/wp-json\/wp\/v2\/pages\/2072\/revisions"}],"predecessor-version":[{"id":2073,"href":"https:\/\/saberconpoder.com\/dos\/wp-json\/wp\/v2\/pages\/2072\/revisions\/2073"}],"wp:attachment":[{"href":"https:\/\/saberconpoder.com\/dos\/wp-json\/wp\/v2\/media?parent=2072"}],"curies":[{"name":"wp","href":"https:\/\/api.w.org\/{rel}","templated":true}]}}