{"id":1994,"date":"2025-10-13T19:27:11","date_gmt":"2025-10-13T19:27:11","guid":{"rendered":"https:\/\/saberconpoder.com\/dos\/?page_id=1994"},"modified":"2025-10-13T19:54:08","modified_gmt":"2025-10-13T19:54:08","slug":"la-humanidad-esta-en-peligro","status":"publish","type":"page","link":"https:\/\/saberconpoder.com\/dos\/la-humanidad-esta-en-peligro\/","title":{"rendered":"La Humanidad est\u00e1 en PELIGRO"},"content":{"rendered":"\n<figure class=\"wp-block-image aligncenter size-full is-resized\"><img loading=\"lazy\" decoding=\"async\" width=\"519\" height=\"714\" src=\"https:\/\/saberconpoder.com\/dos\/wp-content\/uploads\/2025\/10\/poder.png\" alt=\"\" class=\"wp-image-1869\" style=\"width:294px;height:auto\" srcset=\"https:\/\/saberconpoder.com\/dos\/wp-content\/uploads\/2025\/10\/poder.png 519w, https:\/\/saberconpoder.com\/dos\/wp-content\/uploads\/2025\/10\/poder-218x300.png 218w\" sizes=\"auto, (max-width: 519px) 100vw, 519px\" \/><\/figure>\n\n\n\n<h4 class=\"wp-block-heading has-text-align-left\"><br><strong>La Humanidad est\u00e1 en PELIGRO<\/strong><br>El eco invisible del aleteo de una mariposa<br><br>La Ley que no entendemos<br><br>La humanidad vive bajo leyes universales que no elige, que no negocia y que, en muchos casos, ni siquiera comprende. Son leyes invisibles, silenciosas, imparciales. Como la gravedad, no preguntan si creemos en ellas o no; simplemente act\u00faan.<br> Y una de las m\u00e1s fascinantes, y al mismo tiempo peligrosas, es la ley del caos: el principio de que los sistemas complejos son sensibles hasta lo inimaginable a sus condiciones iniciales.<br>Fue el meteor\u00f3logo Edward Lorenz quien en 1961, trabajando con ecuaciones atmosf\u00e9ricas en una computadora primitiva, descubri\u00f3 algo inesperado: al introducir un n\u00famero con una ligera diferencia decimal, el resultado final cambiaba dr\u00e1sticamente. Ese hallazgo fue tan desconcertante que dio origen a una frase que hoy todos conocemos: \u201cEl aleteo de una mariposa en Brasil puede provocar un tornado en Texas.\u201d<br>La met\u00e1fora no es poes\u00eda gratuita. Es ciencia. Y detr\u00e1s de ella hay una advertencia: los sistemas complejos, como la atm\u00f3sfera\u2026 o como la humanidad misma, no son predecibles a largo plazo.<\/h4>\n\n\n\n<h4 class=\"wp-block-heading\"><br>El malentendido humano<br>El error que cometemos como especie es pensar que este principio se limita a los mapas clim\u00e1ticos o a la matem\u00e1tica avanzada.<br> Creemos que solo los f\u00edsicos o meteor\u00f3logos deben preocuparse por esas f\u00f3rmulas. <br>Pero no. Esta ley, en realidad, atraviesa todo lo existente: la biolog\u00eda, la sociolog\u00eda, la psicolog\u00eda, la pol\u00edtica, la econom\u00eda, incluso la vida cotidiana.<br>La realidad entera es un tejido de causas y efectos, de microdecisiones que, acumuladas, generan avalanchas. Una mirada esquiva puede iniciar una guerra matrimonial. Un tuit puede hundir la reputaci\u00f3n de una empresa multimillonaria. Un rumor puede derribar gobiernos. Un meme puede alterar elecciones.<br>Y lo m\u00e1s inquietante: muchas veces, estos procesos empiezan con algo tan m\u00ednimo que parece irrelevante. <br><br>Ese es el verdadero misterio del caos.<\/h4>\n\n\n\n<p class=\"has-text-align-center\"><strong><a href=\"https:\/\/www.paypal.com\/ncp\/payment\/TY9PEJBBBARXU\" target=\"_blank\" rel=\"noreferrer noopener\">DESCARGA AHORA MISMO ESTE PODEROSO LIBRO EN PDF<br>ACOMPA\u00d1ADO DE OTROS DOS  CLICK  AQUI<\/a><\/strong><\/p>\n\n\n\n<div align=\"center\"><div>\n  <style>.pp-TY9PEJBBBARXU{text-align:center;border:none;border-radius:0.25rem;min-width:11.625rem;padding:0 2rem;height:2.625rem;font-weight:bold;background-color:#FFD140;color:#000000;font-family:\"Helvetica Neue\",Arial,sans-serif;font-size:1rem;line-height:1.25rem;cursor:pointer;}<\/style>\n  <form action=\"https:\/\/www.paypal.com\/ncp\/payment\/TY9PEJBBBARXU\" method=\"post\" target=\"_blank\" style=\"display:inline-grid;justify-items:center;align-content:start;gap:0.5rem;\">\n    <input class=\"pp-TY9PEJBBBARXU\" type=\"submit\" value=\"Comprar ahora\" \/>\n    <img src=https:\/\/www.paypalobjects.com\/images\/Debit_Credit_APM.svg alt=\"cards\" \/>\n    <section style=\"font-size: 0.75rem;\"> Con la tecnolog\u00eda de <img decoding=\"async\" src=\"https:\/\/www.paypalobjects.com\/paypal-ui\/logos\/svg\/paypal-wordmark-color.svg\" alt=\"paypal\" style=\"height:0.875rem;vertical-align:middle;\"\/><\/section>\n  <\/form>\n<\/div>\n\n\n\n<p class=\"has-text-align-center\"><strong>Descarga LOS TRES AHORA MISMO<\/strong><\/p>\n\n\n\n<figure class=\"wp-block-gallery has-nested-images columns-default is-cropped wp-block-gallery-1 is-layout-flex wp-block-gallery-is-layout-flex\">\n<figure class=\"wp-block-image size-large\"><img loading=\"lazy\" decoding=\"async\" width=\"519\" height=\"714\" data-id=\"1869\" src=\"https:\/\/saberconpoder.com\/dos\/wp-content\/uploads\/2025\/10\/poder.png\" alt=\"\" class=\"wp-image-1869\" srcset=\"https:\/\/saberconpoder.com\/dos\/wp-content\/uploads\/2025\/10\/poder.png 519w, https:\/\/saberconpoder.com\/dos\/wp-content\/uploads\/2025\/10\/poder-218x300.png 218w\" sizes=\"auto, (max-width: 519px) 100vw, 519px\" \/><\/figure>\n\n\n\n<figure class=\"wp-block-image size-large\"><img loading=\"lazy\" decoding=\"async\" width=\"552\" height=\"760\" data-id=\"1880\" src=\"https:\/\/saberconpoder.com\/dos\/wp-content\/uploads\/2025\/10\/crecer-1.png\" alt=\"\" class=\"wp-image-1880\" srcset=\"https:\/\/saberconpoder.com\/dos\/wp-content\/uploads\/2025\/10\/crecer-1.png 552w, https:\/\/saberconpoder.com\/dos\/wp-content\/uploads\/2025\/10\/crecer-1-218x300.png 218w\" sizes=\"auto, (max-width: 552px) 100vw, 552px\" \/><\/figure>\n\n\n\n<figure class=\"wp-block-image size-large\"><img loading=\"lazy\" decoding=\"async\" width=\"535\" height=\"736\" data-id=\"1896\" src=\"https:\/\/saberconpoder.com\/dos\/wp-content\/uploads\/2025\/10\/MARCK1.png\" alt=\"\" class=\"wp-image-1896\" srcset=\"https:\/\/saberconpoder.com\/dos\/wp-content\/uploads\/2025\/10\/MARCK1.png 535w, https:\/\/saberconpoder.com\/dos\/wp-content\/uploads\/2025\/10\/MARCK1-218x300.png 218w\" sizes=\"auto, (max-width: 535px) 100vw, 535px\" \/><\/figure>\n<\/figure>\n\n\n\n<div style=\"height:219px\" aria-hidden=\"true\" class=\"wp-block-spacer\"><\/div>\n\n\n\n<p class=\"has-text-align-center\"><strong><mark>DESCARGA\u00a0<\/mark>\u00a0realizando el pago por Tranferencia Bancaria o<br>Depositando en OXXO a este numero<\/strong><br><strong><strong>4815 1631 2179 2355<\/strong><br>Depositando solo 166 pesos MX y Enviando Copia del<br>Deposito a corazonytinta7@gmail.com<br>Se Regresara el Correo con tus Descarga Mas Bonos.<\/strong><br>Tambien Puedes enviar el comprobante de pago por WhatsApp al 6311155587 y Te enviamos el Enlace de Descargas<\/p>\n","protected":false},"excerpt":{"rendered":"<p>La Humanidad est\u00e1 en PELIGROEl eco invisible del aleteo de una mariposa La Ley que no entendemos La humanidad vive bajo leyes universales que no elige, que no negocia y que, en muchos casos, ni siquiera comprende. Son leyes invisibles, silenciosas, imparciales. Como la gravedad, no preguntan si creemos en ellas o no; simplemente act\u00faan. [&hellip;]<\/p>\n","protected":false},"author":1,"featured_media":0,"parent":0,"menu_order":0,"comment_status":"closed","ping_status":"closed","template":"","meta":{"footnotes":""},"class_list":["post-1994","page","type-page","status-publish","hentry"],"_links":{"self":[{"href":"https:\/\/saberconpoder.com\/dos\/wp-json\/wp\/v2\/pages\/1994","targetHints":{"allow":["GET"]}}],"collection":[{"href":"https:\/\/saberconpoder.com\/dos\/wp-json\/wp\/v2\/pages"}],"about":[{"href":"https:\/\/saberconpoder.com\/dos\/wp-json\/wp\/v2\/types\/page"}],"author":[{"embeddable":true,"href":"https:\/\/saberconpoder.com\/dos\/wp-json\/wp\/v2\/users\/1"}],"replies":[{"embeddable":true,"href":"https:\/\/saberconpoder.com\/dos\/wp-json\/wp\/v2\/comments?post=1994"}],"version-history":[{"count":8,"href":"https:\/\/saberconpoder.com\/dos\/wp-json\/wp\/v2\/pages\/1994\/revisions"}],"predecessor-version":[{"id":2005,"href":"https:\/\/saberconpoder.com\/dos\/wp-json\/wp\/v2\/pages\/1994\/revisions\/2005"}],"wp:attachment":[{"href":"https:\/\/saberconpoder.com\/dos\/wp-json\/wp\/v2\/media?parent=1994"}],"curies":[{"name":"wp","href":"https:\/\/api.w.org\/{rel}","templated":true}]}}