{"id":1808,"date":"2025-09-24T19:02:20","date_gmt":"2025-09-24T19:02:20","guid":{"rendered":"https:\/\/saberconpoder.com\/dos\/?page_id=1808"},"modified":"2025-09-24T21:09:24","modified_gmt":"2025-09-24T21:09:24","slug":"1808-2","status":"publish","type":"page","link":"https:\/\/saberconpoder.com\/dos\/1808-2\/","title":{"rendered":""},"content":{"rendered":"\n<figure class=\"wp-block-image aligncenter size-large is-resized\"><img loading=\"lazy\" decoding=\"async\" width=\"1024\" height=\"373\" src=\"https:\/\/saberconpoder.com\/dos\/wp-content\/uploads\/2025\/09\/90dedescuento-1024x373.png\" alt=\"\" class=\"wp-image-1831\" style=\"width:332px;height:auto\" srcset=\"https:\/\/saberconpoder.com\/dos\/wp-content\/uploads\/2025\/09\/90dedescuento-1024x373.png 1024w, https:\/\/saberconpoder.com\/dos\/wp-content\/uploads\/2025\/09\/90dedescuento-300x109.png 300w, https:\/\/saberconpoder.com\/dos\/wp-content\/uploads\/2025\/09\/90dedescuento-768x280.png 768w, https:\/\/saberconpoder.com\/dos\/wp-content\/uploads\/2025\/09\/90dedescuento.png 1120w\" sizes=\"auto, (max-width: 1024px) 100vw, 1024px\" \/><\/figure>\n\n\n\n<figure class=\"wp-block-image size-full is-resized\"><img loading=\"lazy\" decoding=\"async\" width=\"518\" height=\"712\" src=\"https:\/\/saberconpoder.com\/dos\/wp-content\/uploads\/2025\/09\/poder1.png\" alt=\"\" class=\"wp-image-1815\" style=\"width:23px;height:auto\" srcset=\"https:\/\/saberconpoder.com\/dos\/wp-content\/uploads\/2025\/09\/poder1.png 518w, https:\/\/saberconpoder.com\/dos\/wp-content\/uploads\/2025\/09\/poder1-218x300.png 218w\" sizes=\"auto, (max-width: 518px) 100vw, 518px\" \/><\/figure>\n\n\n\n<!-- Facebook Pixel Code --><script>!function(f,b,e,v,n,t,s){if(f.fbq)return;n=f.fbq=function(){n.callMethod?n.callMethod.apply(n,arguments):n.queue.push(arguments)};if(!f._fbq)f._fbq=n;n.push=n;n.loaded=!0;n.version='2.0';n.queue=[];t=b.createElement(e);t.async=!0;t.src=v;s=b.getElementsByTagName(e)[0];s.parentNode.insertBefore(t,s)}(window,document,'script','https:\/\/connect.facebook.net\/en_US\/fbevents.js'); fbq('init', '9809102672483684'); fbq('track', 'PageView');<\/script><noscript> <img loading=\"lazy\" decoding=\"async\" height=\"1\" width=\"1\" src=\"https:\/\/www.facebook.com\/tr?id=9809102672483684&#038;ev=PageView&#038;noscript=1\"\/><\/noscript><!-- End Facebook Pixel Code -->\n\n\n\n<h2 class=\"wp-block-heading has-text-align-center\"> <strong><mark style=\"background-color:rgba(0, 0, 0, 0)\" class=\"has-inline-color has-contrast-color\">EL VERDADERO PODER DE LA ORACI\u00d3N<\/mark><\/strong> <\/h2>\n\n\n\n<p><br>Descubre la oraci\u00f3n como nunca antes.<br>No como s\u00faplica\u2026 sino como poder creador que transforma tu vida.<\/p>\n\n\n\n<p><br>Este libro es una llave. En sus p\u00e1ginas encontrar\u00e1s:<\/p>\n\n\n\n<ul class=\"wp-block-list\">\n<li>El secreto del verdadero poder de la oraci\u00f3n.<\/li>\n\n\n\n<li>El desglose profundo de la oraci\u00f3n m\u00e1s poderosa del universo: <em>El Padre Nuestro<\/em>.<\/li>\n\n\n\n<li>C\u00f3mo orar de manera metaf\u00edsica: <strong>como si ya hubieras recibido<\/strong>.<\/li>\n\n\n\n<li>Ejercicios pr\u00e1cticos y oraciones para salud, abundancia, paz y prop\u00f3sito.<\/li>\n<\/ul>\n\n\n\n<p><br>\u2714 Transforma tu forma de orar y de vivir.<br>\u2714 Aprende a manifestar en lugar de pedir.<br>\u2714 Conecta con la fuente divina dentro de ti.<br>\u2714 Vive en gratitud, paz y certeza absoluta.<\/p>\n\n\n\n<p><br>\ud83d\udcd8 Este no es solo un libro\u2026 es una experiencia espiritual que puede cambiar tu vida.<\/p>\n\n\n\n<p>\ud83d\udc49 Adquiere hoy mismo <em>El Verdadero Poder de la Oraci\u00f3n<\/em> y despierta el poder creador que habita en ti.<\/p>\n\n\n\n<div align=\"center\"><style>.pp-NK6WFFKYF4S64{text-align:center;border:none;border-radius:0.25rem;min-width:11.625rem;padding:0 2rem;height:2.625rem;font-weight:bold;background-color:#FFD140;color:#000000;font-family:\"Helvetica Neue\",Arial,sans-serif;font-size:1rem;line-height:1.25rem;cursor:pointer;}<\/style>\n<form action=\"https:\/\/www.paypal.com\/ncp\/payment\/NK6WFFKYF4S64\" method=\"post\" target=\"_blank\" style=\"display:inline-grid;justify-items:center;align-content:start;gap:0.5rem;\">\n  <input class=\"pp-NK6WFFKYF4S64\" type=\"submit\" value=\"Comprar ahora\" \/>\n  <img src=https:\/\/www.paypalobjects.com\/images\/Debit_Credit_APM.svg alt=\"cards\" \/>\n  <section style=\"font-size: 0.75rem;\"> Con la tecnolog\u00eda de <img decoding=\"async\" src=\"https:\/\/www.paypalobjects.com\/paypal-ui\/logos\/svg\/paypal-wordmark-color.svg\" alt=\"paypal\" style=\"height:0.875rem;vertical-align:middle;\"\/><\/section>\n<\/form>\n\n\n\n<p><br><\/p>\n\n\n\n<!DOCTYPE html>\n<html lang=\"es\">\n<head>\n  <meta charset=\"UTF-8\">\n  <meta name=\"viewport\" content=\"width=device-width, initial-scale=1.0\">\n  <title>El Verdadero Poder de la Oraci\u00f3n<\/title>\n  <style>\n    body {\n      font-family: 'Georgia', serif;\n      margin: 0;\n      padding: 0;\n      background: linear-gradient(to bottom, #f7f2ec, #e3d6c5);\n      color: #2c2c2c;\n    }\n    header {\n      text-align: center;\n      padding: 50px 20px;\n      background: #5e3c1f;\n      color: #fff;\n    }\n    header h1 {\n      font-size: 2.5em;\n      margin: 0;\n    }\n    header p {\n      font-size: 1.2em;\n      margin-top: 10px;\n    }\n    .cover {\n      text-align: center;\n      margin: 40px 0;\n    }\n    .cover img {\n      max-width: 300px;\n      width: 90%;\n      box-shadow: 0 8px 20px rgba(0,0,0,0.3);\n      border-radius: 12px;\n    }\n    section {\n      padding: 40px 20px;\n      max-width: 800px;\n      margin: auto;\n    }\n    h2 {\n      color: #5e3c1f;\n      margin-bottom: 15px;\n    }\n    ul {\n      margin: 15px 0;\n      padding-left: 20px;\n    }\n    .cta {\n      text-align: center;\n      margin-top: 40px;\n    }\n    .cta a {\n      background: #d4a35a;\n      color: #fff;\n      padding: 15px 30px;\n      font-size: 1.2em;\n      text-decoration: none;\n      border-radius: 8px;\n      box-shadow: 0 4px 6px rgba(0,0,0,0.2);\n      transition: background 0.3s ease;\n    }\n    .cta a:hover {\n      background: #b8833d;\n    }\n    footer {\n      background: #5e3c1f;\n      color: #fff;\n      text-align: center;\n      padding: 20px;\n      margin-top: 50px;\n    }\n  <\/style>\n<\/head>\n<body>\n\n  <header>\n    <h1>\u2728 El Verdadero Poder de la Oraci\u00f3n \u2728<\/h1>\n    <p>Descubre la oraci\u00f3n como nunca antes: no como s\u00faplica, sino como poder creador.<\/p>\n  <\/header>\n\n  <!-- Portada del libro -->\n  <div class=\"cover\">\n    <img decoding=\"async\" src=\"https:\/\/saberconpoder.com\/dos\/wp-content\/uploads\/2025\/09\/poder1.png\" alt=\"Portada del libro El Verdadero Poder de la Oraci\u00f3n\">\n  <\/div>\n\n  <section>\n    <h2>Sobre el libro<\/h2>\n    <p>Este libro es una llave. En sus p\u00e1ginas encontrar\u00e1s:<\/p>\n    <ul>\n      <li>El secreto del verdadero poder de la oraci\u00f3n.<\/li>\n      <li>El desglose profundo de la oraci\u00f3n m\u00e1s poderosa del universo: <em>El Padre Nuestro<\/em>.<\/li>\n      <li>C\u00f3mo orar de manera metaf\u00edsica: <strong>como si ya hubieras recibido<\/strong>.<\/li>\n      <li>Ejercicios pr\u00e1cticos y oraciones para salud, abundancia, paz y prop\u00f3sito.<\/li>\n    <\/ul>\n  <\/section>\n\n  <section>\n    <h2>Beneficios<\/h2>\n    <ul>\n      <li>\u2714 Transforma tu forma de orar y de vivir.<\/li>\n      <li>\u2714 Aprende a manifestar en lugar de pedir.<\/li>\n      <li>\u2714 Conecta con la fuente divina dentro de ti.<\/li>\n      <li>\u2714 Vive en gratitud, paz y certeza absoluta.<\/li>\n    <\/ul>\n  <\/section>\n\n  <section class=\"cta\">\n    <h2>Adquiere tu ejemplar<\/h2>\n    <p>\ud83d\udcd8 Este no es solo un libro\u2026 es una experiencia espiritual que puede cambiar tu vida.<\/p>\n    <a href=\"https:\/\/www.paypal.com\/ncp\/payment\/NK6WFFKYF4S64\">Comprar ahora<\/a>\n  <\/section>\n\n  <footer>\n    <p>\u00a9 2025 El Verdadero Poder de la Oraci\u00f3n | Todos los derechos reservados<\/p>\n  <\/footer>\n\n<\/body>\n<\/html>\n\n\n\n<div style=\"height:111px\" aria-hidden=\"true\" class=\"wp-block-spacer\"><\/div>\n\n\n\n<p class=\"has-text-align-center\"><strong><mark>Precio de 7 USD<\/mark>&nbsp;es por tiempo Limitado,<br>podra subir al precio real a&nbsp;<s>79&nbsp;<\/s>usd en cualquier momento<\/strong><\/p>\n\n\n\n<p class=\"has-text-align-center\"><strong><em><mark>Tambien<\/mark>&nbsp;puede realizar el pago por Tranferencia Bancaria o Depositando en OXXO a este numero 4815 1631 2179 2355 Depositando solo 140 pesos MX y Enviando Copia del Deposito a corazonytinta7@gmail.com Se Regresara el Correo con tus Descarga<\/em><\/strong>.<\/p>\n\n\n\n<div style=\"height:219px\" aria-hidden=\"true\" class=\"wp-block-spacer\"><\/div>\n\n\n\n<span class='visitors'>23362<\/span>\n","protected":false},"excerpt":{"rendered":"<p>EL VERDADERO PODER DE LA ORACI\u00d3N Descubre la oraci\u00f3n como nunca antes.No como s\u00faplica\u2026 sino como poder creador que transforma tu vida. Este libro es una llave. En sus p\u00e1ginas encontrar\u00e1s: \u2714 Transforma tu forma de orar y de vivir.\u2714 Aprende a manifestar en lugar de pedir.\u2714 Conecta con la fuente divina dentro de ti.\u2714 [&hellip;]<\/p>\n","protected":false},"author":1,"featured_media":0,"parent":0,"menu_order":0,"comment_status":"closed","ping_status":"closed","template":"","meta":{"footnotes":""},"class_list":["post-1808","page","type-page","status-publish","hentry"],"_links":{"self":[{"href":"https:\/\/saberconpoder.com\/dos\/wp-json\/wp\/v2\/pages\/1808","targetHints":{"allow":["GET"]}}],"collection":[{"href":"https:\/\/saberconpoder.com\/dos\/wp-json\/wp\/v2\/pages"}],"about":[{"href":"https:\/\/saberconpoder.com\/dos\/wp-json\/wp\/v2\/types\/page"}],"author":[{"embeddable":true,"href":"https:\/\/saberconpoder.com\/dos\/wp-json\/wp\/v2\/users\/1"}],"replies":[{"embeddable":true,"href":"https:\/\/saberconpoder.com\/dos\/wp-json\/wp\/v2\/comments?post=1808"}],"version-history":[{"count":14,"href":"https:\/\/saberconpoder.com\/dos\/wp-json\/wp\/v2\/pages\/1808\/revisions"}],"predecessor-version":[{"id":1832,"href":"https:\/\/saberconpoder.com\/dos\/wp-json\/wp\/v2\/pages\/1808\/revisions\/1832"}],"wp:attachment":[{"href":"https:\/\/saberconpoder.com\/dos\/wp-json\/wp\/v2\/media?parent=1808"}],"curies":[{"name":"wp","href":"https:\/\/api.w.org\/{rel}","templated":true}]}}