{"id":55,"date":"2025-04-30T20:29:26","date_gmt":"2025-04-30T20:29:26","guid":{"rendered":"https:\/\/saberconpoder.com\/33\/?page_id=55"},"modified":"2026-02-16T13:55:38","modified_gmt":"2026-02-16T13:55:38","slug":"gratis","status":"publish","type":"page","link":"https:\/\/saberconpoder.com\/33\/gratis\/","title":{"rendered":"Gratis"},"content":{"rendered":"\n<div class=\"wp-block-cover is-light\" style=\"min-height:102px;aspect-ratio:unset;\"><img loading=\"lazy\" decoding=\"async\" width=\"512\" height=\"512\" class=\"wp-block-cover__image-background wp-image-23 size-full\" alt=\"\" src=\"http:\/\/saberconpoder.com\/33\/wp-content\/uploads\/2025\/04\/cropped-PAZ1.jpg\" data-object-fit=\"cover\" srcset=\"https:\/\/saberconpoder.com\/33\/wp-content\/uploads\/2025\/04\/cropped-PAZ1.jpg 512w, https:\/\/saberconpoder.com\/33\/wp-content\/uploads\/2025\/04\/cropped-PAZ1-300x300.jpg 300w, https:\/\/saberconpoder.com\/33\/wp-content\/uploads\/2025\/04\/cropped-PAZ1-150x150.jpg 150w, https:\/\/saberconpoder.com\/33\/wp-content\/uploads\/2025\/04\/cropped-PAZ1-270x270.jpg 270w, https:\/\/saberconpoder.com\/33\/wp-content\/uploads\/2025\/04\/cropped-PAZ1-192x192.jpg 192w, https:\/\/saberconpoder.com\/33\/wp-content\/uploads\/2025\/04\/cropped-PAZ1-180x180.jpg 180w, https:\/\/saberconpoder.com\/33\/wp-content\/uploads\/2025\/04\/cropped-PAZ1-32x32.jpg 32w\" sizes=\"auto, (max-width: 512px) 100vw, 512px\" \/><span aria-hidden=\"true\" class=\"wp-block-cover__background has-background-dim\" style=\"background-color:#b7a78f\"><\/span><div class=\"wp-block-cover__inner-container is-layout-constrained wp-block-cover-is-layout-constrained\">\n<p class=\"has-text-align-center has-theme-palette-3-color has-text-color has-link-color has-large-font-size wp-elements-913e75644b56445cf7e4499ec5aafe32\"><strong>Poderosos Conocimientos Aqui Gratis<\/strong><\/p>\n<\/div><\/div>\n\n\n\n<hr class=\"wp-block-separator has-alpha-channel-opacity\"\/>\n\n\n\n<p class=\"has-text-align-center\"><strong><a href=\"http:\/\/saberconpoder.com\/33\/wp-content\/uploads\/2026\/02\/La-Dulce-Luz-de-la-Vida.pdf\" target=\"_blank\" rel=\"noreferrer noopener\">DESCARGA GRATIS<br>LA DULCE LUZ DE LA VIDA<br>CLICK <\/a><mark style=\"background-color:rgba(0, 0, 0, 0);color:#0406f9\" class=\"has-inline-color\"><a href=\"https:\/\/saberconpoder.com\/33\/wp-content\/uploads\/2026\/02\/La-Dulce-Luz-de-la-Vida.pdf\" target=\"_blank\" rel=\"noreferrer noopener\">AQUI<\/a><\/mark><\/strong><\/p>\n\n\n\n<hr class=\"wp-block-separator has-alpha-channel-opacity\"\/>\n\n\n\n<p class=\"has-text-align-center\"><strong><a href=\"https:\/\/saberconpoder.com\/dos\/2661-2\/\" target=\"_blank\" rel=\"noreferrer noopener\"><mark>El SECRETO de los 7 Desplazamientos Mira AQUI<\/mark><\/a><\/strong><\/p>\n\n\n\n<p><strong><em>El superpoder olvidado que puede cambiarlo todo<\/em><\/strong><em><\/em><\/p>\n\n\n\n<p><em>Vivimos en la era de la sobreinformaci\u00f3n. Miles de est\u00edmulos compiten por tu atenci\u00f3n cada d\u00eda. Saltamos de una notificaci\u00f3n a otra, de una tarea a otra, de una meta a otra&#8230; sin realmente sumergirnos en nada. El resultado: agotamiento, frustraci\u00f3n, sensaci\u00f3n de vac\u00edo, y una vida llena de comienzos sin finales.<\/em><\/p>\n\n\n\n<p><em>Pero hay algo que la mayor\u00eda ha olvidado: <strong>el poder del enfoque.<\/strong><br>No como una herramienta de productividad. No como una moda de gur\u00fas.<br>Sino como <strong>una fuerza de transformaci\u00f3n personal, energ\u00e9tica y espiritual.<\/strong><br>Un poder silencioso que, si sabes dominarlo, puede cambiar radicalmente tu destino.<\/em><\/p>\n\n\n\n<p><em>Este libro no es sobre \u201chacer m\u00e1s\u201d.<br>Es sobre <strong>ser m\u00e1s<\/strong>.<br>M\u00e1s consciente.<br>M\u00e1s intencional.<br>M\u00e1s t\u00fa.<\/em><\/p>\n\n\n\n<p><em>\u00bfSab\u00edas que la mayor\u00eda de las personas exitosas del mundo no son las m\u00e1s inteligentes ni las m\u00e1s talentosas? Son las m\u00e1s enfocadas. No corren m\u00e1s r\u00e1pido, corren en l\u00ednea recta. No hacen m\u00e1s cosas, hacen menos\u2026 pero con una intensidad que pocos pueden sostener.<\/em><\/p>\n\n\n\n<p><em>El enfoque no es algo que se aprende en la escuela. Es algo que se entrena en la vida real. Es una forma de observar el mundo, de filtrar lo irrelevante, de decidir que tu energ\u00eda no se regala al primer ruido que aparezca. <strong>Es decirle \u201cno\u201d a mil cosas para poder decirle \u201cs\u00ed\u201d a lo que realmente importa.<\/strong><\/em><\/p>\n\n\n\n<p><em>Y aqu\u00ed viene lo m\u00e1s importante:<br><strong>Tu nivel de enfoque determina tu nivel de realidad.<\/strong><br>Si tu enfoque es d\u00e9bil, tu realidad ser\u00e1 ca\u00f3tica.<br>Si tu enfoque es fuerte, tu realidad ser\u00e1 intencional.<br>Porque lo que sostienes con tu atenci\u00f3n, se expande.<\/em><\/p>\n\n\n\n<p><em>Este libro es un viaje de regreso a ti.<br>A tu poder de elecci\u00f3n.<br>A tu capacidad de crear.<br>A ese lugar dentro de ti donde a\u00fan puedes decidir hacia d\u00f3nde va tu vida.<\/em> <a href=\"https:\/\/www.saberconpoder.com\/enfoque\/\" target=\"_blank\" rel=\"noreferrer noopener\">Click AQUI<\/a><\/p>\n\n\n\n<hr class=\"wp-block-separator has-alpha-channel-opacity is-style-wide\"\/>\n\n\n\n<p>El paso a paso,<\/p>\n\n\n\n<ol class=\"wp-block-list\">\n<li>Qu\u00e9 producto Vender<\/li>\n\n\n\n<li>C\u00f3mo configurar,<br>3 . C\u00f3mo hacer tu p\u00e1gina quebrada<\/li>\n\n\n\n<li>Configuraci\u00f3n de ventas , embudos y m\u00e1s,<br>5 la famosa andromeda de Facebook Ads explicado paso a paso,<br>6 optimizaciones de todo,<br>7 recibir       <a href=\"https:\/\/saberconpoder.com\/dos\/2678-2\/\" target=\"_blank\" rel=\"noreferrer noopener\"><strong><mark style=\"background-color:rgba(0, 0, 0, 0);color:#0b0df8\" class=\"has-inline-color\"> MIRA AQUI AHORA<\/mark><\/strong><\/a><\/li>\n<\/ol>\n\n\n\n<hr class=\"wp-block-separator has-alpha-channel-opacity is-style-wide\"\/>\n","protected":false},"excerpt":{"rendered":"<p>DESCARGA GRATISLA DULCE LUZ DE LA VIDACLICK AQUI El SECRETO de los 7 Desplazamientos Mira AQUI El superpoder olvidado que puede cambiarlo todo Vivimos en la era de la sobreinformaci\u00f3n. Miles de est\u00edmulos compiten por tu atenci\u00f3n cada d\u00eda. Saltamos de una notificaci\u00f3n a otra, de una tarea a otra, de una meta a otra&#8230;&#8230;<\/p>\n","protected":false},"author":1,"featured_media":0,"parent":0,"menu_order":0,"comment_status":"closed","ping_status":"closed","template":"","meta":{"_kad_post_transparent":"default","_kad_post_title":"hide","_kad_post_layout":"left","_kad_post_sidebar_id":"","_kad_post_content_style":"","_kad_post_vertical_padding":"","_kad_post_feature":"","_kad_post_feature_position":"","_kad_post_header":false,"_kad_post_footer":false,"_kad_post_classname":"","footnotes":""},"class_list":["post-55","page","type-page","status-publish","hentry"],"_links":{"self":[{"href":"https:\/\/saberconpoder.com\/33\/wp-json\/wp\/v2\/pages\/55","targetHints":{"allow":["GET"]}}],"collection":[{"href":"https:\/\/saberconpoder.com\/33\/wp-json\/wp\/v2\/pages"}],"about":[{"href":"https:\/\/saberconpoder.com\/33\/wp-json\/wp\/v2\/types\/page"}],"author":[{"embeddable":true,"href":"https:\/\/saberconpoder.com\/33\/wp-json\/wp\/v2\/users\/1"}],"replies":[{"embeddable":true,"href":"https:\/\/saberconpoder.com\/33\/wp-json\/wp\/v2\/comments?post=55"}],"version-history":[{"count":15,"href":"https:\/\/saberconpoder.com\/33\/wp-json\/wp\/v2\/pages\/55\/revisions"}],"predecessor-version":[{"id":156,"href":"https:\/\/saberconpoder.com\/33\/wp-json\/wp\/v2\/pages\/55\/revisions\/156"}],"wp:attachment":[{"href":"https:\/\/saberconpoder.com\/33\/wp-json\/wp\/v2\/media?parent=55"}],"curies":[{"name":"wp","href":"https:\/\/api.w.org\/{rel}","templated":true}]}}